{"id":43,"date":"2015-01-26T12:29:46","date_gmt":"2015-01-26T12:29:46","guid":{"rendered":"http:\/\/asesor.umh.es\/?page_id=43"},"modified":"2016-01-22T17:46:44","modified_gmt":"2016-01-22T17:46:44","slug":"administracion-y-direccion-de-empresas-salesas","status":"publish","type":"page","link":"https:\/\/asesor.umh.es\/ca\/campus-de-orihuela-salesas\/facultad-de-ciencias-sociales-y-juridicas-de-orihuela\/administracion-y-direccion-de-empresas-salesas\/","title":{"rendered":"<span lang=\"es\">(Espa\u00f1ol) Grado en Administraci\u00f3n y Direcci\u00f3n de Empresas &#8211; Salesas<\/span>"},"content":{"rendered":"<p class=\"qtranxs-available-languages-message qtranxs-available-languages-message-ca\">Ho sentim, aquesta entrada es troba disponible \u00fanicament en <a href=\"https:\/\/asesor.umh.es\/es\/wp-json\/wp\/v2\/pages\/43\" class=\"qtranxs-available-language-link qtranxs-available-language-link-es\" title=\"Espa\u00f1ol\">Espanyol Europeu<\/a>.<\/p>","protected":false},"excerpt":{"rendered":"<p>Ho sentim, aquesta entrada es troba disponible \u00fanicament en Espanyol Europeu.<\/p>\n","protected":false},"author":1914,"featured_media":0,"parent":22,"menu_order":10,"comment_status":"closed","ping_status":"closed","template":"","meta":{"_links_to":"","_links_to_target":""},"_links":{"self":[{"href":"https:\/\/asesor.umh.es\/ca\/wp-json\/wp\/v2\/pages\/43"}],"collection":[{"href":"https:\/\/asesor.umh.es\/ca\/wp-json\/wp\/v2\/pages"}],"about":[{"href":"https:\/\/asesor.umh.es\/ca\/wp-json\/wp\/v2\/types\/page"}],"author":[{"embeddable":true,"href":"https:\/\/asesor.umh.es\/ca\/wp-json\/wp\/v2\/users\/1914"}],"replies":[{"embeddable":true,"href":"https:\/\/asesor.umh.es\/ca\/wp-json\/wp\/v2\/comments?post=43"}],"version-history":[{"count":0,"href":"https:\/\/asesor.umh.es\/ca\/wp-json\/wp\/v2\/pages\/43\/revisions"}],"up":[{"embeddable":true,"href":"https:\/\/asesor.umh.es\/ca\/wp-json\/wp\/v2\/pages\/22"}],"wp:attachment":[{"href":"https:\/\/asesor.umh.es\/ca\/wp-json\/wp\/v2\/media?parent=43"}],"curies":[{"name":"wp","href":"https:\/\/api.w.org\/{rel}","templated":true}]}}